{"id":93,"date":"2016-04-22T08:05:03","date_gmt":"2016-04-22T08:05:03","guid":{"rendered":"https:\/\/www.neurolinguistic.com\/club\/?post_type=product&#038;p=93"},"modified":"2021-12-28T21:36:32","modified_gmt":"2021-12-28T20:36:32","slug":"primi-passi-nellipnomentalismo","status":"publish","type":"product","link":"https:\/\/universite-europeenne.com\/en\/prodotto\/primi-passi-nellipnomentalismo\/","title":{"rendered":"Ipnomentalismo"},"content":{"rendered":"<div style=\"max-width: 650px; margin: auto;\">\n<h2 style=\"text-align: center;\"><span style=\"color: #b00000;\">&#8220;IPNOMENTALISMO&#8221;: l&#8217;Arte perfetta della Conoscenza e del Controllo totale della mente. Inizia subito a scoprire i segreti e le forze dell&#8217;inconscio con questo nuovo e-book dai contenuti unici&#8230;\u00a0<\/span><\/h2>\n<p style=\"text-align: justify;\"><span style=\"font-family: trebuchet ms,geneva; font-size: 22px; letter-spacing: -1px; line-height: 115%;\">&#8220;Ipnomentalismo&#8221; \u00e8 il <span style=\"text-decoration: underline;\"><strong>metodo senza precedenti<\/strong><\/span> comprendente tutte le <strong>tecniche di ultima generazione<\/strong> di ipnosi, mentalismo, cold reading estremo, controllo e influenza subliminali, grazie alle quali \u00e8 possibile spingersi ad un livello di conoscenza della mente propria e altrui tale da rasentare la telepatia e la chiaroveggenza.<\/span><\/p>\n<p style=\"text-align: justify;\">Nel video che segue viene proposto un divertente esperimento di ipnomentalismo con il soggetto che rimane &#8220;incollato&#8221; alla sedia in seguito ad un particolare procedimento di influenza psichica silenziosa e subliminale. Si tratta solo di un piccolissimo esempio nell&#8217;oceano di applicazioni pratiche di questa disciplina fino ad ora poco conosciuta e che ha quasi del magico.<\/p>\n<p>\u00a0<img decoding=\"async\" class=\"aligncenter\" src=\"https:\/\/i0.wp.com\/www.neurolinguistic.com\/blog\/wp-content\/themes\/flexsqueeze2\/images\/da_orange2.png?w=1180&#038;ssl=1\" alt=\"\" data-recalc-dims=\"1\" \/><\/p>\n<p><center><iframe loading=\"lazy\" src=\"\/\/www.youtube.com\/embed\/pASIN--iPjE?list=PL811DEBFEA4B25233\" width=\"600\" height=\"339\" frameborder=\"0\" allowfullscreen=\"allowfullscreen\"><\/iframe><\/center><\/p>\n<div>\n<p><em>&#8220;La nostra mente \u00e8 il luogo in cui\u00a0risiede il pi\u00f9 grande potere.\u00a0La vera magia \u00e8 questa. \u00c8 l\u00ec che possiamo moltiplicare i nostri potenziali, poich\u00e9 agiamo alla sorgente.\u00a0Chi sa usare la propria mente sviluppa se stesso e pu\u00f2 inoltre stupire gli altri in ogni luogo e condizione&#8221;.<\/em><\/p>\n<\/div>\n<div class=\"fspbanner fspred\">\n<h3 class=\"softshadow\"><span style=\"color: #ffffff;\">Primi passi nell&#8217;Ipnomentalismo (E-book)<\/span><\/h3>\n<\/div>\n<div class=\"fspfooter\"><span style=\"display: none;\">.<\/span><\/div>\n<p><img loading=\"lazy\" decoding=\"async\" class=\"alignleft size-medium wp-image-500\" src=\"https:\/\/i0.wp.com\/www.neurolinguistic.com\/blog\/wp-content\/uploads\/ipnomentalismo-300x225.jpg?resize=300%2C225&#038;ssl=1\" alt=\"ipnomentalismo\" width=\"300\" height=\"225\" data-recalc-dims=\"1\" \/><\/p>\n<p><strong>Caro Amico \/ Gentile Amica<\/strong><\/p>\n<p style=\"text-align: justify;\">L&#8217;Istituto ISI-CNV \u00e8 particolarmente orgoglioso di presentare questo nuovo Manuale pratico, stracolmo di indicazioni, consigli, tecniche e segreti inediti per muovere i primi passi nell&#8217;intrigante universo dell&#8217;Ipnomentalismo. L&#8217;Ipnomentalismo \u00e8 una prodigiosa e profondissima esplorazione dei misteri dell&#8217;inconscio. <strong>Attraverso particolari tecniche ipnotiche e magnetiche<\/strong>, vengono stimolate le potenzialit\u00e0 mentali umane per riuscire, tramite la propria comunicazione e osservazione, a far entrare un soggetto in uno stato di coscienza alterato, oppure ad individuarne il pensiero osservando il linguaggio del suo corpo. Quando qui parliamo di lettura del linguaggio del corpo intendiamo <strong>qualcosa che va ben oltre alla semplice interpretazione dei gesti. Un&#8217;arte che si spinge nei segreti del cosiddetto &#8220;cold reading&#8221;<\/strong>: la capacit\u00e0 di capire e scrutare una persona, con un semplice colpo d&#8217;occhio, anche nei pi\u00f9 reconditi angoli della sua mente.<\/p>\n<div>\n<h3 style=\"text-align: center;\">Nel libro trovi anche degli accenni a tecniche di ipnomagnetismo e ipnomentalismo di secondo livello.<\/h3>\n<\/div>\n<p style=\"text-align: left;\"><span style=\"font-family: trebuchet ms,geneva; font-size: 22px; letter-spacing: -1px; line-height: 115%;\">Ecco ora l&#8217;elenco dei contenuti dell&#8217;e-book:<\/span><\/p>\n<ul class=\"greencheck3\">\n<li>Introduzione all&#8217;Ipnomentalismo.<\/li>\n<li>L&#8217;ipnosi, lo sguardo, la fascinazione e i loro segreti.<\/li>\n<li>Testimonianze su Onofroff, il grande fascinatore.<\/li>\n<li>Le tecniche di lettura del pensiero.<\/li>\n<li>Lettura del pensiero a contatto.<\/li>\n<li>Una testimonianza dell\u2019estrema abilit\u00e0 di Otello Ghigi.<\/li>\n<li>Lettura del Pensiero senza Contatto<\/li>\n<li>Hanussen e la lettura del pensiero senza contatto.<\/li>\n<li>Pickmann \u2013 una acuit\u00e0 estrema nella lettura muscolare e nella lettura senza contatto.<\/li>\n<li>Metodo Cumberland per imparare la lettura del pensiero a contatto.<\/li>\n<li>L&#8217;Ipnosi per azione mentale (metodo Jagot).<\/li>\n<li>La Lettura Facciale: capire le bugie e la dinamica ipnotica.<\/li>\n<li>Mimica, Fisiognomica e dinamica sequenziale dell\u2019Ipnosi e delle Relazioni.<\/li>\n<li>Lettura e influenzamento con i movimenti delle Mani.<\/li>\n<li>L\u2019Enneagramma e come sapere tutto dell\u2019interlocutore.<\/li>\n<li>Le parole che portano in trance il nostro interlocutore.<\/li>\n<li>Le ancore ed il loro utilizzo nella comunicazione e nell\u2019influenzamento.<\/li>\n<li>Parlare con il proprio inconscio. L\u2019utilizzo del Pendolo.<\/li>\n<li>Scrittura Automatica e Sviluppo dell\u2019Ispirazione.<\/li>\n<li>Creativit\u00e0 e sviluppo delle Potenzialit\u00e0 con la Luce.<\/li>\n<li>Chiaroveggenza \u2013 sviluppo intuizione.<\/li>\n<li>Principi per comunicare con la mente inconscia.<\/li>\n<li>L\u2019ipnomentalismo da spettacolo, da dimostrazione e sperimentale.<\/li>\n<li>Autoipnosi Fascinativa.<\/li>\n<li>L\u2019Autoipnosi Indiana.<\/li>\n<li>Le linee cabalistiche.<\/li>\n<li>Una testimonianza di un testimone di Regazzoni, ipnomagnetista ed ipnomentalista.<\/li>\n<li>Note Quantistiche<\/li>\n<li>La PNL3 visiva: distorsioni, generalizzazioni, cancellazioni.Chi \u00e8 il Dott. Marco Paret<\/li>\n<\/ul>\n<div style=\"margin-top: -30px;\">\n<div class=\"fspbanner fspred\">\n<h3 class=\"softshadow\"><span style=\"color: #ffffff;\">Chi \u00e8 il Dott. Marco Paret<\/span><\/h3>\n<\/div>\n<div class=\"fspfooter\"><span style=\"display: none;\">.<\/span><\/div>\n<p style=\"text-align: justify;\"><img loading=\"lazy\" decoding=\"async\" class=\"alignleft wp-image-897 size-medium\" src=\"https:\/\/i0.wp.com\/www.neurolinguistic.com\/blog\/wp-content\/uploads\/member_7793157-199x300.jpeg?resize=199%2C300&#038;ssl=1\" alt=\"member_7793157\" width=\"199\" height=\"300\" data-recalc-dims=\"1\" \/>Con pi\u00f9 di 25 anni di esperienza e ricerca nel settore, il Dott. Marco Paret \u00a0\u00e8 attualmente uno dei massimi esperti di ipnosi (vedi la sua homepage in inglese www.marcoparet.com). La sua formazione vanta maestri di indiscutibile lignaggio come il Prof. Erminio di Pisa, Gil Boyne (detto il &#8220;padrino&#8221; degli ipnotisti americani), Ormond Mc Gill (definito il decano degli ipnotisti americani), Tad James\u00a0e anche personaggi conosciuti solo dagli specialisti come Virgilio T. detto anche &#8220;l&#8217;ultimo dei fascinatori&#8221;.\u00a0<span style=\"background-color: transparent;\">E&#8217; fondatore e direttore dell&#8217;istituto &#8220;ISI-CNV&#8221; che da 20 anni ha come mission la divulgazione delle pi\u00f9 potenti tecniche di comunicazione, ipnosi e miglioramento personale e conduce anche autonoma attivit\u00e0 di ricerca.\u00a0<\/span><strong style=\"background-color: transparent;\">Grazie al suo lavoro ha portato alla luce segreti che fino ad oggi sono rimasti gelosamente custoditi. Ha reso questi tesori accessibili a chiunque voglia dare una svolta decisiva alla propria vita e\/o professione. <\/strong>E&#8217; costantemente invitato in varie parti del mondo anche distanti come l&#8217;Australia per trasmettere queste conoscenze. Oltre all&#8217;ipnosi \u00e8 esperto di coaching aziendale, dove utilizza molti dei suoi principii, ed ha lavorato anche per marchi prestigiosi come Ferrari auto, Vodafone, L&#8217;Oreal, Marzotto, Telecom e molti altri.<\/p>\n<p style=\"text-align: center;\">________________________<\/p>\n<\/div>\n<p style=\"text-align: justify;\"><span style=\"font-family: trebuchet ms,geneva; font-size: 22px; letter-spacing: -1px; line-height: 115%;\">Ricordiamo che presso al nostra scuola \u00e8 anche\u00a0possibile seguire dal vivo sia una formazione di base (un corso praticissimo) che una formazione approfondita (un percorso su pi\u00f9 incontri con esperti) di ipnomentalismo. <a href=\"http:\/\/www.neurolinguistic.com\/blog\/contattaci\/\" target=\"_blank\" rel=\"noopener noreferrer\">CLICCA QUI<\/a> per richiedere dettagli.<\/span><\/p>\n<\/div>\n","protected":false},"excerpt":{"rendered":"<p>\u201cIPNOMENTALISMO\u201d: l\u2019Arte perfetta della Conoscenza e del Controllo totale della mente. Inizia subito a scoprire i segreti e le forze dell\u2019inconscio con questo nuovo e-book dai contenuti unici\u2026<\/p>\n<p>\u201cIpnomentalismo\u201d \u00e8 il metodo senza precedenti comprendente tutte le tecniche di ultima generazione di ipnosi, mentalismo, cold reading estremo, controllo e influenza subliminali, grazie alle quali \u00e8 possibile spingersi ad un livello di conoscenza della mente propria e altrui tale da rasentare la telepatia e la chiaroveggenza.<\/p>\n","protected":false},"featured_media":3529,"comment_status":"open","ping_status":"closed","template":"","meta":[],"product_cat":[241],"product_tag":[244,245,246,247,248,249],"class_list":["post-93","product","type-product","status-publish","has-post-thumbnail","hentry","product_cat-e-book","product_tag-cold-reading","product_tag-fisiognamica","product_tag-ipnomentalismo","product_tag-lettura-facciale","product_tag-onofroff","product_tag-otello-ghigi"],"_links":{"self":[{"href":"https:\/\/universite-europeenne.com\/en\/wp-json\/wp\/v2\/product\/93","targetHints":{"allow":["GET"]}}],"collection":[{"href":"https:\/\/universite-europeenne.com\/en\/wp-json\/wp\/v2\/product"}],"about":[{"href":"https:\/\/universite-europeenne.com\/en\/wp-json\/wp\/v2\/types\/product"}],"replies":[{"embeddable":true,"href":"https:\/\/universite-europeenne.com\/en\/wp-json\/wp\/v2\/comments?post=93"}],"wp:featuredmedia":[{"embeddable":true,"href":"https:\/\/universite-europeenne.com\/en\/wp-json\/wp\/v2\/media\/3529"}],"wp:attachment":[{"href":"https:\/\/universite-europeenne.com\/en\/wp-json\/wp\/v2\/media?parent=93"}],"wp:term":[{"taxonomy":"product_cat","embeddable":true,"href":"https:\/\/universite-europeenne.com\/en\/wp-json\/wp\/v2\/product_cat?post=93"},{"taxonomy":"product_tag","embeddable":true,"href":"https:\/\/universite-europeenne.com\/en\/wp-json\/wp\/v2\/product_tag?post=93"}],"curies":[{"name":"wp","href":"https:\/\/api.w.org\/{rel}","templated":true}]}}