{"id":3204,"date":"2020-04-21T11:58:47","date_gmt":"2020-04-21T11:58:47","guid":{"rendered":"https:\/\/universite-europeenne.com\/?page_id=3204"},"modified":"2021-01-12T04:06:51","modified_gmt":"2021-01-12T04:06:51","slug":"il-metodo-dott-paret","status":"publish","type":"page","link":"https:\/\/universite-europeenne.com\/fr\/il-metodo-dott-paret\/","title":{"rendered":"La M\u00e9thode Du Dr Paret"},"content":{"rendered":"<p>[vc_row][vc_column width=&#8221;1\/2&#8243;][vc_column_text]<\/p>\n<p style=\"text-align: left;\">En 1992, le Dr Paret a fond\u00e9 l&#8217;\u00e9cole de l&#8217;Universit\u00e9 Europ\u00e9enne dans le but de diffuser sa m\u00e9thode tant dans le domaine de l&#8217;\u00e9ducation que dans celui de la recherche. Hypnotiseur expert et fondateur de l&#8217;\u00c9cole avec plus de 30 ans d&#8217;exp\u00e9rience, il a enseign\u00e9 \u00e0 plus de 23 000 \u00e9tudiants les techniques les plus avanc\u00e9es de PNL, d&#8217;hypnose et de coaching; en plus d&#8217;avoir organis\u00e9 des formations dans des entreprises de haut calibre telles que Ferrari, Deutsche Bank et Marzotto.<\/p>\n<p style=\"text-align: left;\">Aujourd&#8217;hui, il enseigne sa m\u00e9thode dans le monde entier, menant des formations avanc\u00e9es et des conf\u00e9rences internationales pour former des psychoth\u00e9rapeutes, des hypnoth\u00e9rapeutes et d&#8217;autres cat\u00e9gories professionnelles qui souhaitent entrer dans le monde de l&#8217;hypnose et de la PNL.<\/p>\n<p style=\"text-align: left;\">Il croit fermement en l&#8217;approche PRATIQUE et DIRECTE avec l&#8217;\u00e9tudiant. La m\u00e9thode Paret vise un coaching personnalis\u00e9 sur la personne pour extrapoler ses vraies comp\u00e9tences et permet au futur professionnel d&#8217;apprendre les techniques hypnotiques les plus avanc\u00e9es pour g\u00e9rer les probl\u00e8mes de chaque client.<\/p>\n<p>[\/vc_column_text][vc_column_text][\/vc_column_text][\/vc_column][vc_column width=&#8221;1\/2&#8243;][vc_single_image image=&#8221;3291&#8243; img_size=&#8221;full&#8221; alignment=&#8221;right&#8221;][vc_btn title=&#8221;VISITEZ NOS COURS&#8221; color=&#8221;turquoise&#8221; align=&#8221;left&#8221; i_align=&#8221;right&#8221; i_type=&#8221;typicons&#8221; i_icon_typicons=&#8221;typcn typcn-arrow-right-thick&#8221; add_icon=&#8221;true&#8221; css=&#8221;.vc_custom_1610423664990{margin-top: 20px !important;margin-bottom: 20px !important;}&#8221;][\/vc_column][\/vc_row][vc_row css=&#8221;.vc_custom_1587633078129{margin-bottom: 30px !important;}&#8221;][vc_column][vc_custom_heading text=&#8221;Apprenez la m\u00e9thode du Dr Paret et devenez un hypnotiseur expert&#8221; font_container=&#8221;tag:h2|font_size:2.4em|text_align:center|color:%230e2731|line_height:2em&#8221; use_theme_fonts=&#8221;yes&#8221;][\/vc_column][\/vc_row][vc_row][vc_column width=&#8221;1\/3&#8243;] <h2 style=\"color:#19bdcb; padding:20px; text-align:center; font-size:35px; line-height:px; letter-spacing: 2px; font-weight:;\" class=\"    \">ETUDIEZ<\/h2> [vc_single_image image=&#8221;3323&#8243; img_size=&#8221;medium&#8221; alignment=&#8221;center&#8221;][vc_column_text]<\/p>\n<ul class=\"elementor-icon-list-items\">\n<li class=\"elementor-icon-list-item\">Apprenez ce que vous devez faire avant d&#8217;hypnotiser et comment r\u00e9veiller en toute s\u00e9curit\u00e9<\/li>\n<li class=\"elementor-icon-list-item\">Apprenez les techniques les plus avanc\u00e9es pour hypnotiser en quelques minutes et r\u00e9soudre les probl\u00e8mes des sujets les plus difficiles<\/li>\n<li class=\"elementor-icon-list-item\">Acqu\u00e9rir une m\u00e9thode d&#8217;enseignement simple, pratique et personnalis\u00e9e<\/li>\n<\/ul>\n<p>[\/vc_column_text][\/vc_column][vc_column width=&#8221;1\/3&#8243;] <h2 style=\"color:#19bdcb; padding:20px; text-align:center; font-size:35px; line-height:px; letter-spacing: 2px; font-weight:;\" class=\"    \">PRATIQUEZ<\/h2> [vc_single_image image=&#8221;3327&#8243; img_size=&#8221;medium&#8221; alignment=&#8221;center&#8221;][vc_column_text]<\/p>\n<ul class=\"elementor-icon-list-items\">\n<li class=\"elementor-icon-list-item\">Devenez un expert avec nos Masters d&#8217;un an en Hypnose, PNL et Coaching<\/li>\n<li class=\"elementor-icon-list-item\">Am\u00e9liorez votre exp\u00e9rience professionnelle avec nos stages dans des centres d&#8217;op\u00e9ration<\/li>\n<li class=\"elementor-icon-list-item\">Obtenez une certification professionnelle et une accr\u00e9ditation aupr\u00e8s de l&#8217;association professionnelle du secteur<\/li>\n<\/ul>\n<p>[\/vc_column_text][\/vc_column][vc_column width=&#8221;1\/3&#8243;] <h2 style=\"color:#19bdcb; padding:20px; text-align:center; font-size:35px; line-height:px; letter-spacing: 2px; font-weight:;\" class=\"    \">TRAVAILLEZ<\/h2> [vc_single_image image=&#8221;3325&#8243; img_size=&#8221;medium&#8221; alignment=&#8221;center&#8221;][vc_column_text]<\/p>\n<ul class=\"elementor-icon-list-items\">\n<li class=\"elementor-icon-list-item\">Collaborez avec l&#8217;\u00e9cole en tant qu&#8217;enseignant (pour les \u00e9l\u00e8ves les plus m\u00e9ritants)<\/li>\n<li class=\"elementor-icon-list-item\">Vous pouvez ouvrir une succursale de l&#8217;\u00e9cole \u00e0 la fin du Master<\/li>\n<li class=\"elementor-icon-list-item\">Faites partie du r\u00e9seau national de professionnels que nous recommandons aux clients pour des conseils personnalis\u00e9s<\/li>\n<\/ul>\n<p>[\/vc_column_text][\/vc_column][\/vc_row]<\/p>\n","protected":false},"excerpt":{"rendered":"<p>[vc_row][vc_column width=&#8221;1\/2&#8243;][vc_column_text] En 1992, le Dr Paret a fond\u00e9 l&#8217;\u00e9cole de l&#8217;Universit\u00e9 Europ\u00e9enne dans le but de diffuser sa m\u00e9thode tant dans le domaine de l&#8217;\u00e9ducation que dans celui de la recherche. Hypnotiseur expert et fondateur de l&#8217;\u00c9cole avec plus de 30 ans d&#8217;exp\u00e9rience, il a enseign\u00e9 \u00e0 plus de 23 000 \u00e9tudiants les techniques [&hellip;]<\/p>\n","protected":false},"author":1,"featured_media":0,"parent":0,"menu_order":0,"comment_status":"closed","ping_status":"closed","template":"","meta":{"footnotes":""},"class_list":["post-3204","page","type-page","status-publish","hentry"],"amp_enabled":true,"_links":{"self":[{"href":"https:\/\/universite-europeenne.com\/fr\/wp-json\/wp\/v2\/pages\/3204","targetHints":{"allow":["GET"]}}],"collection":[{"href":"https:\/\/universite-europeenne.com\/fr\/wp-json\/wp\/v2\/pages"}],"about":[{"href":"https:\/\/universite-europeenne.com\/fr\/wp-json\/wp\/v2\/types\/page"}],"author":[{"embeddable":true,"href":"https:\/\/universite-europeenne.com\/fr\/wp-json\/wp\/v2\/users\/1"}],"replies":[{"embeddable":true,"href":"https:\/\/universite-europeenne.com\/fr\/wp-json\/wp\/v2\/comments?post=3204"}],"version-history":[{"count":42,"href":"https:\/\/universite-europeenne.com\/fr\/wp-json\/wp\/v2\/pages\/3204\/revisions"}],"predecessor-version":[{"id":6855,"href":"https:\/\/universite-europeenne.com\/fr\/wp-json\/wp\/v2\/pages\/3204\/revisions\/6855"}],"wp:attachment":[{"href":"https:\/\/universite-europeenne.com\/fr\/wp-json\/wp\/v2\/media?parent=3204"}],"curies":[{"name":"wp","href":"https:\/\/api.w.org\/{rel}","templated":true}]}}